{"id":90,"date":"2018-08-16T00:01:14","date_gmt":"2018-08-15T22:01:14","guid":{"rendered":"http:\/\/gs-isernhinnerk.de\/?page_id=90"},"modified":"2021-10-13T10:48:48","modified_gmt":"2021-10-13T08:48:48","slug":"schulleitung","status":"publish","type":"page","link":"https:\/\/gs-isernhinnerk.de\/?page_id=90","title":{"rendered":"Schulleitung"},"content":{"rendered":"<p>Liebe Kinder und liebe Eltern,<\/p>\n<p>wir freuen uns, Euch und Sie an unserer Grundschule Isern Hinnerk begr\u00fc\u00dfen zu k\u00f6nnen.<\/p>\n<p>Ich hei\u00dfe Claudia J\u00e4hnke und bin seit August 2001\u00a0Rektorin dieser Grundschule. Unsere Schule m\u00f6chte ich Euch und Ihnen mit den folgenden Informationen gerne kurz vorstellen. Frau Sch\u00fctt ist unsere Konrektorin und organisiert u.a. den Vertretungsunterricht, h\u00e4lt den Kontakt zu den Kinderg\u00e4rten und ist meine Stellvertreterin.<\/p>\n<table style=\"border-collapse: collapse; width: 100%;\" border=\"1\">\n<tbody>\n<tr>\n<td style=\"width: 50%;\"><\/td>\n<td style=\"width: 50%;\"><\/td>\n<\/tr>\n<\/tbody>\n<\/table>\n<p><span style=\"color: #ff0000;\">Stand: Oktober 2021<\/span><br \/>\nDie Grundschule Isern Hinnerk beschult aktuell gut 320 Kinder. Wir unterrichten die Kinder in 15 Schulklassen, d.h., dass der 3. Jahrgang 3-z\u00fcgig ist. Der\u00a0 1., 2. und 4. Schuljahrgang\u00a0 sind\u00a0 vierz\u00fcgig.<\/p>\n<p>Das Kollegium umfasst 24 Lehrkr\u00e4fte, davon sind 15 Klassenlehrer\/innen, sowie eine Praktikantin. Unterst\u00fctzt wird das Kollegium durch 8 P\u00e4dagogische Mitarbeiter\/innen.<\/p>\n<p>Um jetzt und in der Zukunft den Kindern ein m\u00f6glichst breit gef\u00e4chertes Lernangebot in einem ansprechenden Umfeld bieten zu k\u00f6nnen, sind engagierte Lehrkr\u00e4fte, flei\u00dfige Helfer-Eltern, ein umsichtiger Schultr\u00e4ger, gro\u00dfz\u00fcgige Sponsoren, hilfsbereite Mitglieder des F\u00f6rdervereins sowie Anregungen und Ideen von allen Seiten notwendig und gew\u00fcnscht. Machen auch Sie mit!<\/p>\n<p>Ihnen und Ihren Kindern einen gelungenen Start und eine interessante, lernreiche Grundschulzeit.<br \/>\nEs gr\u00fc\u00dft Sie Claudia J\u00e4hnke<\/p>\n","protected":false},"excerpt":{"rendered":"<p>Liebe Kinder und liebe Eltern, wir freuen uns, Euch und Sie an unserer Grundschule Isern Hinnerk begr\u00fc\u00dfen zu k\u00f6nnen. Ich hei\u00dfe Claudia J\u00e4hnke und bin seit August 2001\u00a0Rektorin dieser Grundschule. Unsere Schule m\u00f6chte ich Euch und Ihnen mit den folgenden Informationen gerne kurz vorstellen. Frau Sch\u00fctt ist unsere Konrektorin und\u2026<\/p>\n<p class=\"continue-reading-button\"> <a class=\"continue-reading-link\" href=\"https:\/\/gs-isernhinnerk.de\/?page_id=90\">Continue reading<i class=\"crycon-right-dir\"><\/i><\/a><\/p>\n","protected":false},"author":1,"featured_media":0,"parent":0,"menu_order":0,"comment_status":"closed","ping_status":"closed","template":"","meta":{"footnotes":""},"class_list":["post-90","page","type-page","status-publish","hentry"],"yoast_head":"<!-- This site is optimized with the Yoast SEO plugin v27.5 - https:\/\/yoast.com\/product\/yoast-seo-wordpress\/ -->\n<title>Schulleitung - GRUNDSCHULE ISERN HINNERK<\/title>\n<meta name=\"robots\" content=\"index, follow, max-snippet:-1, max-image-preview:large, max-video-preview:-1\" \/>\n<link rel=\"canonical\" href=\"https:\/\/gs-isernhinnerk.de\/?page_id=90\" \/>\n<meta property=\"og:locale\" content=\"de_DE\" \/>\n<meta property=\"og:type\" content=\"article\" \/>\n<meta property=\"og:title\" content=\"Schulleitung - GRUNDSCHULE ISERN HINNERK\" \/>\n<meta property=\"og:description\" content=\"Liebe Kinder und liebe Eltern, wir freuen uns, Euch und Sie an unserer Grundschule Isern Hinnerk begr\u00fc\u00dfen zu k\u00f6nnen. Ich hei\u00dfe Claudia J\u00e4hnke und bin seit August 2001\u00a0Rektorin dieser Grundschule. Unsere Schule m\u00f6chte ich Euch und Ihnen mit den folgenden Informationen gerne kurz vorstellen. Frau Sch\u00fctt ist unsere Konrektorin und\u2026 Continue reading\" \/>\n<meta property=\"og:url\" content=\"https:\/\/gs-isernhinnerk.de\/?page_id=90\" \/>\n<meta property=\"og:site_name\" content=\"GRUNDSCHULE ISERN HINNERK\" \/>\n<meta property=\"article:modified_time\" content=\"2021-10-13T08:48:48+00:00\" \/>\n<meta name=\"twitter:card\" content=\"summary_large_image\" \/>\n<meta name=\"twitter:label1\" content=\"Gesch\u00e4tzte Lesezeit\" \/>\n\t<meta name=\"twitter:data1\" content=\"1\u00a0Minute\" \/>\n<script type=\"application\/ld+json\" class=\"yoast-schema-graph\">{\"@context\":\"https:\\\/\\\/schema.org\",\"@graph\":[{\"@type\":\"WebPage\",\"@id\":\"https:\\\/\\\/gs-isernhinnerk.de\\\/?page_id=90\",\"url\":\"https:\\\/\\\/gs-isernhinnerk.de\\\/?page_id=90\",\"name\":\"Schulleitung - GRUNDSCHULE ISERN HINNERK\",\"isPartOf\":{\"@id\":\"https:\\\/\\\/gs-isernhinnerk.de\\\/#website\"},\"datePublished\":\"2018-08-15T22:01:14+00:00\",\"dateModified\":\"2021-10-13T08:48:48+00:00\",\"breadcrumb\":{\"@id\":\"https:\\\/\\\/gs-isernhinnerk.de\\\/?page_id=90#breadcrumb\"},\"inLanguage\":\"de\",\"potentialAction\":[{\"@type\":\"ReadAction\",\"target\":[\"https:\\\/\\\/gs-isernhinnerk.de\\\/?page_id=90\"]}]},{\"@type\":\"BreadcrumbList\",\"@id\":\"https:\\\/\\\/gs-isernhinnerk.de\\\/?page_id=90#breadcrumb\",\"itemListElement\":[{\"@type\":\"ListItem\",\"position\":1,\"name\":\"Startseite\",\"item\":\"https:\\\/\\\/gs-isernhinnerk.de\\\/\"},{\"@type\":\"ListItem\",\"position\":2,\"name\":\"Schulleitung\"}]},{\"@type\":\"WebSite\",\"@id\":\"https:\\\/\\\/gs-isernhinnerk.de\\\/#website\",\"url\":\"https:\\\/\\\/gs-isernhinnerk.de\\\/\",\"name\":\"GRUNDSCHULE ISERN HINNERK\",\"description\":\"Schulstra\u00dfe 11, 21641 Apensen\",\"potentialAction\":[{\"@type\":\"SearchAction\",\"target\":{\"@type\":\"EntryPoint\",\"urlTemplate\":\"https:\\\/\\\/gs-isernhinnerk.de\\\/?s={search_term_string}\"},\"query-input\":{\"@type\":\"PropertyValueSpecification\",\"valueRequired\":true,\"valueName\":\"search_term_string\"}}],\"inLanguage\":\"de\"}]}<\/script>\n<!-- \/ Yoast SEO plugin. -->","yoast_head_json":{"title":"Schulleitung - GRUNDSCHULE ISERN HINNERK","robots":{"index":"index","follow":"follow","max-snippet":"max-snippet:-1","max-image-preview":"max-image-preview:large","max-video-preview":"max-video-preview:-1"},"canonical":"https:\/\/gs-isernhinnerk.de\/?page_id=90","og_locale":"de_DE","og_type":"article","og_title":"Schulleitung - GRUNDSCHULE ISERN HINNERK","og_description":"Liebe Kinder und liebe Eltern, wir freuen uns, Euch und Sie an unserer Grundschule Isern Hinnerk begr\u00fc\u00dfen zu k\u00f6nnen. Ich hei\u00dfe Claudia J\u00e4hnke und bin seit August 2001\u00a0Rektorin dieser Grundschule. Unsere Schule m\u00f6chte ich Euch und Ihnen mit den folgenden Informationen gerne kurz vorstellen. Frau Sch\u00fctt ist unsere Konrektorin und\u2026 Continue reading","og_url":"https:\/\/gs-isernhinnerk.de\/?page_id=90","og_site_name":"GRUNDSCHULE ISERN HINNERK","article_modified_time":"2021-10-13T08:48:48+00:00","twitter_card":"summary_large_image","twitter_misc":{"Gesch\u00e4tzte Lesezeit":"1\u00a0Minute"},"schema":{"@context":"https:\/\/schema.org","@graph":[{"@type":"WebPage","@id":"https:\/\/gs-isernhinnerk.de\/?page_id=90","url":"https:\/\/gs-isernhinnerk.de\/?page_id=90","name":"Schulleitung - GRUNDSCHULE ISERN HINNERK","isPartOf":{"@id":"https:\/\/gs-isernhinnerk.de\/#website"},"datePublished":"2018-08-15T22:01:14+00:00","dateModified":"2021-10-13T08:48:48+00:00","breadcrumb":{"@id":"https:\/\/gs-isernhinnerk.de\/?page_id=90#breadcrumb"},"inLanguage":"de","potentialAction":[{"@type":"ReadAction","target":["https:\/\/gs-isernhinnerk.de\/?page_id=90"]}]},{"@type":"BreadcrumbList","@id":"https:\/\/gs-isernhinnerk.de\/?page_id=90#breadcrumb","itemListElement":[{"@type":"ListItem","position":1,"name":"Startseite","item":"https:\/\/gs-isernhinnerk.de\/"},{"@type":"ListItem","position":2,"name":"Schulleitung"}]},{"@type":"WebSite","@id":"https:\/\/gs-isernhinnerk.de\/#website","url":"https:\/\/gs-isernhinnerk.de\/","name":"GRUNDSCHULE ISERN HINNERK","description":"Schulstra\u00dfe 11, 21641 Apensen","potentialAction":[{"@type":"SearchAction","target":{"@type":"EntryPoint","urlTemplate":"https:\/\/gs-isernhinnerk.de\/?s={search_term_string}"},"query-input":{"@type":"PropertyValueSpecification","valueRequired":true,"valueName":"search_term_string"}}],"inLanguage":"de"}]}},"_links":{"self":[{"href":"https:\/\/gs-isernhinnerk.de\/index.php?rest_route=\/wp\/v2\/pages\/90","targetHints":{"allow":["GET"]}}],"collection":[{"href":"https:\/\/gs-isernhinnerk.de\/index.php?rest_route=\/wp\/v2\/pages"}],"about":[{"href":"https:\/\/gs-isernhinnerk.de\/index.php?rest_route=\/wp\/v2\/types\/page"}],"author":[{"embeddable":true,"href":"https:\/\/gs-isernhinnerk.de\/index.php?rest_route=\/wp\/v2\/users\/1"}],"replies":[{"embeddable":true,"href":"https:\/\/gs-isernhinnerk.de\/index.php?rest_route=%2Fwp%2Fv2%2Fcomments&post=90"}],"version-history":[{"count":12,"href":"https:\/\/gs-isernhinnerk.de\/index.php?rest_route=\/wp\/v2\/pages\/90\/revisions"}],"predecessor-version":[{"id":1116,"href":"https:\/\/gs-isernhinnerk.de\/index.php?rest_route=\/wp\/v2\/pages\/90\/revisions\/1116"}],"wp:attachment":[{"href":"https:\/\/gs-isernhinnerk.de\/index.php?rest_route=%2Fwp%2Fv2%2Fmedia&parent=90"}],"curies":[{"name":"wp","href":"https:\/\/api.w.org\/{rel}","templated":true}]}}